{"id":122,"date":"2022-05-13T19:02:14","date_gmt":"2022-05-13T19:02:14","guid":{"rendered":"http:\/\/geigenleut.de\/?page_id=122"},"modified":"2022-11-27T08:35:22","modified_gmt":"2022-11-27T08:35:22","slug":"neues","status":"publish","type":"page","link":"http:\/\/geigenleut.de\/?page_id=122","title":{"rendered":"Repertoire"},"content":{"rendered":"\n<p><strong>Wolliner<\/strong><\/p>\n\n\n\n<p><strong>Fresenhof<\/strong>&nbsp;<\/p>\n\n\n\n<p><strong>Hackeblock<\/strong><\/p>\n\n\n\n<p><strong>Windm\u00fcller<\/strong><\/p>\n\n\n\n<p><strong>Siebenschritt<\/strong>&nbsp;<\/p>\n\n\n\n<p><strong>Feinsliebchen<\/strong><\/p>\n\n\n\n<p><strong>Enzow<\/strong>&#8211;<strong>Polska<\/strong><\/p>\n\n\n\n<p><strong>Eldenaer<\/strong> <strong>Kegel<\/strong><\/p>\n\n\n\n<p><strong>Achtern<\/strong> <strong>Kirchhof<\/strong>&nbsp;<\/p>\n\n\n\n<p><strong>Fram<\/strong> <strong>skrider<\/strong> <strong>\u00e5rets<\/strong><\/p>\n\n\n\n<p><strong>Belgarder<\/strong> <strong>Viertour<\/strong><\/p>\n\n\n\n<p><strong>The<\/strong> <strong>Plains<\/strong> <strong>of<\/strong> <strong>Boyle<\/strong><\/p>\n\n\n\n<p><strong>Delsbo<\/strong> <strong>Brudmarsch<\/strong><\/p>\n\n\n\n<p><strong>K\u00f6sliner<\/strong> <strong>Kreuzpolka<\/strong><\/p>\n\n\n\n<p><strong>\u00c4nnchen<\/strong> <strong>von<\/strong> <strong>Tharau<\/strong><\/p>\n\n\n\n<p><strong>Tomtens<\/strong> <strong>Sommarpolska<\/strong><\/p>\n\n\n\n<p><strong>Dat<\/strong> <strong>Du<\/strong> <strong>meen<\/strong> <strong>Leevsten<\/strong> <strong>b\u00fcst<\/strong><\/p>\n\n\n\n<p><strong>Und<\/strong> <strong>der<\/strong> <strong>Hans<\/strong> <strong>schleicht<\/strong> <strong>umher<\/strong>&nbsp;<\/p>\n\n\n\n<p><strong>Es<\/strong> <strong>fiel<\/strong> <strong>ein<\/strong> <strong>Reif<\/strong> <strong>in<\/strong> <strong>der<\/strong> <strong>Fr\u00fchlingsnacht<\/strong> &nbsp;<\/p>\n\n\n\n<p><strong>u<\/strong>.<strong>v<\/strong>.<strong>a<\/strong>.<strong>m<\/strong>.<\/p>\n\n\n\n<figure class=\"wp-block-image size-large\"><img loading=\"lazy\" width=\"1024\" height=\"725\" src=\"http:\/\/geigenleut.de\/wp-content\/uploads\/2022\/03\/GLApril2022-1024x725.png\" alt=\"\" class=\"wp-image-163\" srcset=\"http:\/\/geigenleut.de\/wp-content\/uploads\/2022\/03\/GLApril2022-1024x725.png 1024w, http:\/\/geigenleut.de\/wp-content\/uploads\/2022\/03\/GLApril2022-300x212.png 300w, http:\/\/geigenleut.de\/wp-content\/uploads\/2022\/03\/GLApril2022-768x543.png 768w, http:\/\/geigenleut.de\/wp-content\/uploads\/2022\/03\/GLApril2022-1536x1087.png 1536w, http:\/\/geigenleut.de\/wp-content\/uploads\/2022\/03\/GLApril2022.png 1792w\" sizes=\"(max-width: 706px) 89vw, (max-width: 767px) 82vw, 740px\" \/><\/figure>\n\n\n\n<p class=\"has-drop-cap\"><strong>Noch ist Herbst nicht ganz entflohn &#8211; vorweihnachtliches Programm <\/strong><\/p>\n\n\n\n<p><\/p>\n\n\n\n<p>Maria durch ein\u2019 Dornwald ging &#8211; Noch ist Herbst nicht ganz entflohn  (W: Theodor Fontane) &#8211; Es kommt ein Schiff, geladen &#8211; Belgarder Viertour, Dargor\u00f6ser Fingerschottisch (beide aus Pommern) &#8211; Carol of The Bells u.a.m. (\u00c4nderungen vorbehalten)<\/p>\n","protected":false},"excerpt":{"rendered":"<p>Wolliner Fresenhof&nbsp; Hackeblock Windm\u00fcller Siebenschritt&nbsp; Feinsliebchen Enzow&#8211;Polska Eldenaer Kegel Achtern Kirchhof&nbsp; Fram skrider \u00e5rets Belgarder Viertour The Plains of Boyle Delsbo Brudmarsch K\u00f6sliner Kreuzpolka \u00c4nnchen von Tharau Tomtens Sommarpolska Dat Du meen Leevsten b\u00fcst Und der Hans schleicht umher&nbsp; Es fiel ein Reif in der Fr\u00fchlingsnacht &nbsp; u.v.a.m. Noch ist Herbst nicht ganz entflohn &#8211; &hellip; <\/p>\n<p class=\"link-more\"><a href=\"http:\/\/geigenleut.de\/?page_id=122\" class=\"more-link\"><span class=\"screen-reader-text\">\u201eRepertoire\u201c<\/span> weiterlesen<\/a><\/p>\n","protected":false},"author":1,"featured_media":0,"parent":0,"menu_order":0,"comment_status":"closed","ping_status":"closed","template":"","meta":[],"_links":{"self":[{"href":"http:\/\/geigenleut.de\/index.php?rest_route=\/wp\/v2\/pages\/122"}],"collection":[{"href":"http:\/\/geigenleut.de\/index.php?rest_route=\/wp\/v2\/pages"}],"about":[{"href":"http:\/\/geigenleut.de\/index.php?rest_route=\/wp\/v2\/types\/page"}],"author":[{"embeddable":true,"href":"http:\/\/geigenleut.de\/index.php?rest_route=\/wp\/v2\/users\/1"}],"replies":[{"embeddable":true,"href":"http:\/\/geigenleut.de\/index.php?rest_route=%2Fwp%2Fv2%2Fcomments&post=122"}],"version-history":[{"count":7,"href":"http:\/\/geigenleut.de\/index.php?rest_route=\/wp\/v2\/pages\/122\/revisions"}],"predecessor-version":[{"id":207,"href":"http:\/\/geigenleut.de\/index.php?rest_route=\/wp\/v2\/pages\/122\/revisions\/207"}],"wp:attachment":[{"href":"http:\/\/geigenleut.de\/index.php?rest_route=%2Fwp%2Fv2%2Fmedia&parent=122"}],"curies":[{"name":"wp","href":"https:\/\/api.w.org\/{rel}","templated":true}]}}