{"id":123,"date":"2022-05-13T19:02:14","date_gmt":"2022-05-13T19:02:14","guid":{"rendered":"http:\/\/geigenleut.de\/?page_id=123"},"modified":"2022-05-16T14:12:22","modified_gmt":"2022-05-16T14:12:22","slug":"kontakt-2","status":"publish","type":"page","link":"http:\/\/geigenleut.de\/?page_id=123","title":{"rendered":"Kontakt"},"content":{"rendered":"\n<p><em>Kontakt, Information, Booking<\/em><\/p>\n\n\n\n<p>Winfried S. K\u00fcttner, PhD<br>Konzertmanagement<\/p>\n\n\n\n<p>FON:   0151 2282 4544<\/p>\n\n\n\n<p>MAIL:  siebensaiten@gmx.de<\/p>\n\n\n\n<p>Lindenstra\u00dfe 118<br>41063 M\u00f6nchengladbach<\/p>\n\n\n\n<p>c\/o Pr\u00e4stvg 3<br>S -820 70  Bergsj\u00f6<\/p>\n\n\n\n<figure class=\"wp-block-image size-large\"><img loading=\"lazy\" width=\"1024\" height=\"768\" src=\"http:\/\/geigenleut.de\/wp-content\/uploads\/2022\/03\/IMG_20190713_145116-Kopie-1024x768.jpeg\" alt=\"\" class=\"wp-image-166\" srcset=\"http:\/\/geigenleut.de\/wp-content\/uploads\/2022\/03\/IMG_20190713_145116-Kopie-1024x768.jpeg 1024w, http:\/\/geigenleut.de\/wp-content\/uploads\/2022\/03\/IMG_20190713_145116-Kopie-300x225.jpeg 300w, http:\/\/geigenleut.de\/wp-content\/uploads\/2022\/03\/IMG_20190713_145116-Kopie-768x576.jpeg 768w, http:\/\/geigenleut.de\/wp-content\/uploads\/2022\/03\/IMG_20190713_145116-Kopie-1536x1152.jpeg 1536w, http:\/\/geigenleut.de\/wp-content\/uploads\/2022\/03\/IMG_20190713_145116-Kopie-2048x1536.jpeg 2048w\" sizes=\"(max-width: 706px) 89vw, (max-width: 767px) 82vw, 740px\" \/><figcaption>sdr<\/figcaption><\/figure>\n\n\n\n<p><\/p>\n\n\n\n<p><\/p>\n","protected":false},"excerpt":{"rendered":"<p>Kontakt, Information, Booking Winfried S. K\u00fcttner, PhDKonzertmanagement FON: 0151 2282 4544 MAIL: siebensaiten@gmx.de Lindenstra\u00dfe 11841063 M\u00f6nchengladbach c\/o Pr\u00e4stvg 3S -820 70 Bergsj\u00f6<\/p>\n","protected":false},"author":1,"featured_media":0,"parent":0,"menu_order":0,"comment_status":"closed","ping_status":"closed","template":"","meta":[],"_links":{"self":[{"href":"http:\/\/geigenleut.de\/index.php?rest_route=\/wp\/v2\/pages\/123"}],"collection":[{"href":"http:\/\/geigenleut.de\/index.php?rest_route=\/wp\/v2\/pages"}],"about":[{"href":"http:\/\/geigenleut.de\/index.php?rest_route=\/wp\/v2\/types\/page"}],"author":[{"embeddable":true,"href":"http:\/\/geigenleut.de\/index.php?rest_route=\/wp\/v2\/users\/1"}],"replies":[{"embeddable":true,"href":"http:\/\/geigenleut.de\/index.php?rest_route=%2Fwp%2Fv2%2Fcomments&post=123"}],"version-history":[{"count":6,"href":"http:\/\/geigenleut.de\/index.php?rest_route=\/wp\/v2\/pages\/123\/revisions"}],"predecessor-version":[{"id":174,"href":"http:\/\/geigenleut.de\/index.php?rest_route=\/wp\/v2\/pages\/123\/revisions\/174"}],"wp:attachment":[{"href":"http:\/\/geigenleut.de\/index.php?rest_route=%2Fwp%2Fv2%2Fmedia&parent=123"}],"curies":[{"name":"wp","href":"https:\/\/api.w.org\/{rel}","templated":true}]}}